{"id":179,"date":"2021-11-28T09:52:25","date_gmt":"2021-11-28T08:52:25","guid":{"rendered":"https:\/\/gestine.net\/new\/?page_id=179"},"modified":"2021-11-28T09:52:26","modified_gmt":"2021-11-28T08:52:26","slug":"gestion-de-contrats","status":"publish","type":"page","link":"https:\/\/gestine.net\/new\/gestion-de-contrats\/","title":{"rendered":"Gestion de contrats"},"content":{"rendered":"\n<p>a &#8211; Les modalit\u00e9s d&rsquo;organisation<\/p>\n\n\n\n<p>Nous vous proposons de g\u00e9rer le personnel dont les comp\u00e9tences ont \u00e9t\u00e9 valid\u00e9es par le CLIENT. Sa prise en charge sur une base juridique, administrative et sociale, garantit les memes avantages que le travail temporaire.<\/p>\n\n\n\n<p>Celui-ci vous reste &lt; d\u00e9di\u00e9 &gt; dans la limite de vos besoins et peut intervenir sur d&rsquo;autres missions favorisant ainsi l&rsquo;enrichissement de ses comp\u00e9tences et le d\u00e9veloppement des capacit\u00e9s d&rsquo;adaptation et de polyvalence.<\/p>\n\n\n\n<p>L&rsquo;externalisation de cette charge de gestion de personnel temporaire vous libere du temps et des ressources ,affect ables a des t\u00e2ches plus essentielles et valorisantes pour votre entreprise.<\/p>\n\n\n\n<p>Pour chaque employ\u00e9 int\u00e9rimaire, nous mettons en place des dossiers administratifs complets, avec suivi et historique des missions pour chacun.<\/p>\n\n\n\n<p>. Les Agents d&rsquo;Exploitation de Gestine Services charg\u00e9s du suivi de vos chantiers, prendront contact avec vos responsables des sites ainsi que du personnel a mettre en gestion de contrat pour accomplir toutes les formalit\u00e9s n\u00e9cessaires au transfert des contrats, selon vos besoins.<\/p>\n\n\n\n<p>. Les prises en charge de nos int\u00e9rimaires dans le cas des accidents de travail se feront par le biais de nos Agents.<\/p>\n\n\n\n<p>. La distribution des acomptes ou\/et salaires pour l&rsquo;ensemble des int\u00e9rimaires a mettre a votre disposition se fera par :<\/p>\n\n\n\n<p>. Distribution directe des especes<br>. Transfert automatique bancaire via nos banques.<br>. Mise a disposition bancaire<\/p>\n\n\n\n<p>b &#8211; Les modalit\u00e9s administratives:<\/p>\n\n\n\n<p>GESTINE Services s&rsquo;engage a chercher une solution adapt\u00e9e aux besoins d\u00e9finis par le CLIENT, consistant en la mise a disposition de personnel temporaire ou en la gestion de contrat.<br>Les salaires des int\u00e9rimaires sont fix\u00e9s par vos soins.<\/p>\n\n\n\n<p>Leur pointage p\u00e9riodique des heures effectives est effectu\u00e9 par vous sur des relev\u00e9s d&rsquo;heures (sign\u00e9s et tamponn\u00e9s) et renvoy\u00e9s a Gestine Services, ces documents permettant l&rsquo;\u00e9laboration des paies et factures.<\/p>\n","protected":false},"excerpt":{"rendered":"<p>a &#8211; Les modalit\u00e9s d&rsquo;organisation Nous vous proposons de g\u00e9rer le personnel dont les comp\u00e9tences ont \u00e9t\u00e9 valid\u00e9es par le CLIENT. Sa prise en charge sur une base juridique, administrative et sociale, garantit les memes avantages que le travail temporaire. Celui-ci vous reste &lt; d\u00e9di\u00e9 &gt; dans la limite de vos besoins et peut intervenir [&hellip;]<\/p>\n","protected":false},"author":1,"featured_media":0,"parent":0,"menu_order":0,"comment_status":"closed","ping_status":"closed","template":"","meta":{"footnotes":""},"class_list":["post-179","page","type-page","status-publish","hentry"],"_links":{"self":[{"href":"https:\/\/gestine.net\/new\/wp-json\/wp\/v2\/pages\/179","targetHints":{"allow":["GET"]}}],"collection":[{"href":"https:\/\/gestine.net\/new\/wp-json\/wp\/v2\/pages"}],"about":[{"href":"https:\/\/gestine.net\/new\/wp-json\/wp\/v2\/types\/page"}],"author":[{"embeddable":true,"href":"https:\/\/gestine.net\/new\/wp-json\/wp\/v2\/users\/1"}],"replies":[{"embeddable":true,"href":"https:\/\/gestine.net\/new\/wp-json\/wp\/v2\/comments?post=179"}],"version-history":[{"count":1,"href":"https:\/\/gestine.net\/new\/wp-json\/wp\/v2\/pages\/179\/revisions"}],"predecessor-version":[{"id":181,"href":"https:\/\/gestine.net\/new\/wp-json\/wp\/v2\/pages\/179\/revisions\/181"}],"wp:attachment":[{"href":"https:\/\/gestine.net\/new\/wp-json\/wp\/v2\/media?parent=179"}],"curies":[{"name":"wp","href":"https:\/\/api.w.org\/{rel}","templated":true}]}}