{"id":176,"date":"2021-11-28T09:50:52","date_gmt":"2021-11-28T08:50:52","guid":{"rendered":"https:\/\/gestine.net\/new\/?page_id=176"},"modified":"2021-11-28T09:50:53","modified_gmt":"2021-11-28T08:50:53","slug":"recrutement","status":"publish","type":"page","link":"https:\/\/gestine.net\/new\/recrutement\/","title":{"rendered":"Recrutement"},"content":{"rendered":"\n<p>GESTINE Services propose de mettre a la disposition des soci\u00e9t\u00e9s ses comp\u00e9tences et son savoir en recrutement de personnel permanent, nous vous apportons le meilleur profil a votre structure et surtout vous \u00e9viter les pertes de temps et des couts financiers<\/p>\n\n\n\n<p>La m\u00e9thodologie de la proc\u00e9dure de recrutement que pouvons adopter se r\u00e9sume dans les phases suivantes :<\/p>\n\n\n\n<p><strong>PHASE DE DEFINITION DE PROFIL<\/strong><\/p>\n\n\n\n<p>D&rsquo;un commun accord et apres analyse du poste et de vos besoins, nous d\u00e9finissons ensemble le profil r\u00e9pondant au sp\u00e9cificit\u00e9 du poste recherch\u00e9.<\/p>\n\n\n\n<p><strong>PHASE DE RECHERCHE ET PRESELECTION<\/strong><\/p>\n\n\n\n<ul class=\"wp-block-list\"><li>Nous orientons nos recherches de par :<\/li><\/ul>\n\n\n\n<ul class=\"wp-block-list\"><li>Notre base de donn\u00e9s candidats<\/li><\/ul>\n\n\n\n<ul class=\"wp-block-list\"><li>WEB<\/li><\/ul>\n\n\n\n<ul class=\"wp-block-list\"><li>Voie d&rsquo;annonces<\/li><\/ul>\n\n\n\n<ul class=\"wp-block-list\"><li>Autres.<\/li><\/ul>\n\n\n\n<p>Apres le tri s\u00e9lectif des CV, nous proc\u00e9dons aux entretiens individuels des candidats retenus.<br>Un premier bilan d&rsquo;\u00e9valuation est \u00e9tabli a la suite de chaque entretien. Le repr\u00e9sentant de la soci\u00e9t\u00e9 peut participer ou se joindre a l&rsquo;\u00e9quipe de recrutement, sur sa demande, pour valider ensemble les candidats retenus pour entretien final.<\/p>\n\n\n\n<p>A L&rsquo;issue de cette \u00e9tape, un minimum de deux candidats par poste recherch\u00e9 est propos\u00e9 pour se pr\u00e9senter a la Direction de la soci\u00e9t\u00e9 pour le choix final du candidat a embaucher.<\/p>\n\n\n\n<p>Durant les trois premiers mois de l&#8217;embauche du candidat retenu GESTINE Services vous confirme le remplacement de ce dernier en cas de d\u00e9part sans motif valable, sans frais suppl\u00e9mentaires.<\/p>\n\n\n\n<p>Nos honoraires HT de recrutement sont \u00e9quivalents a 8,50% du gain global annuel brut de chaque candidat retenu.<\/p>\n\n\n\n<p>Nous esp\u00e9rons etre a la hauteur de vos attentes et tisser un partenariat b\u00e9n\u00e9fique pour nos deux structures.<\/p>\n","protected":false},"excerpt":{"rendered":"<p>GESTINE Services propose de mettre a la disposition des soci\u00e9t\u00e9s ses comp\u00e9tences et son savoir en recrutement de personnel permanent, nous vous apportons le meilleur profil a votre structure et surtout vous \u00e9viter les pertes de temps et des couts financiers La m\u00e9thodologie de la proc\u00e9dure de recrutement que pouvons adopter se r\u00e9sume dans les [&hellip;]<\/p>\n","protected":false},"author":1,"featured_media":0,"parent":0,"menu_order":0,"comment_status":"closed","ping_status":"closed","template":"","meta":{"footnotes":""},"class_list":["post-176","page","type-page","status-publish","hentry"],"_links":{"self":[{"href":"https:\/\/gestine.net\/new\/wp-json\/wp\/v2\/pages\/176","targetHints":{"allow":["GET"]}}],"collection":[{"href":"https:\/\/gestine.net\/new\/wp-json\/wp\/v2\/pages"}],"about":[{"href":"https:\/\/gestine.net\/new\/wp-json\/wp\/v2\/types\/page"}],"author":[{"embeddable":true,"href":"https:\/\/gestine.net\/new\/wp-json\/wp\/v2\/users\/1"}],"replies":[{"embeddable":true,"href":"https:\/\/gestine.net\/new\/wp-json\/wp\/v2\/comments?post=176"}],"version-history":[{"count":1,"href":"https:\/\/gestine.net\/new\/wp-json\/wp\/v2\/pages\/176\/revisions"}],"predecessor-version":[{"id":178,"href":"https:\/\/gestine.net\/new\/wp-json\/wp\/v2\/pages\/176\/revisions\/178"}],"wp:attachment":[{"href":"https:\/\/gestine.net\/new\/wp-json\/wp\/v2\/media?parent=176"}],"curies":[{"name":"wp","href":"https:\/\/api.w.org\/{rel}","templated":true}]}}