{"id":170,"date":"2021-11-28T09:45:21","date_gmt":"2021-11-28T08:45:21","guid":{"rendered":"https:\/\/gestine.net\/new\/?page_id=170"},"modified":"2021-11-28T09:45:44","modified_gmt":"2021-11-28T08:45:44","slug":"interim","status":"publish","type":"page","link":"https:\/\/gestine.net\/new\/interim\/","title":{"rendered":"Int\u00e9rim"},"content":{"rendered":"\n<p>La conjoncture internationale et la contrainte d&rsquo;adaptation aux nouveaux modes de management demandent a l&rsquo;entreprise une grande flexibilit\u00e9 dans la gestion de ses ressources humaines .<\/p>\n\n\n\n<p>Le recours a cette prestation ou mode d&#8217;emploi se r\u00e9sume en deux modes :<\/p>\n\n\n\n<p>. LE TRAVAIL TEMPORAIRE<\/p>\n\n\n\n<p>. LA GESTION DE CONTRATS<\/p>\n\n\n\n<p>L&rsquo;int\u00e9rim, aujourd&rsquo;hui, offre une solution permettant une utilisation optimale des moyens humains et une organisation r\u00e9fl\u00e9chie du travail.<\/p>\n","protected":false},"excerpt":{"rendered":"<p>La conjoncture internationale et la contrainte d&rsquo;adaptation aux nouveaux modes de management demandent a l&rsquo;entreprise une grande flexibilit\u00e9 dans la gestion de ses ressources humaines . Le recours a cette prestation ou mode d&#8217;emploi se r\u00e9sume en deux modes : . LE TRAVAIL TEMPORAIRE . LA GESTION DE CONTRATS L&rsquo;int\u00e9rim, aujourd&rsquo;hui, offre une solution permettant [&hellip;]<\/p>\n","protected":false},"author":1,"featured_media":0,"parent":0,"menu_order":0,"comment_status":"closed","ping_status":"closed","template":"","meta":{"footnotes":""},"class_list":["post-170","page","type-page","status-publish","hentry"],"_links":{"self":[{"href":"https:\/\/gestine.net\/new\/wp-json\/wp\/v2\/pages\/170","targetHints":{"allow":["GET"]}}],"collection":[{"href":"https:\/\/gestine.net\/new\/wp-json\/wp\/v2\/pages"}],"about":[{"href":"https:\/\/gestine.net\/new\/wp-json\/wp\/v2\/types\/page"}],"author":[{"embeddable":true,"href":"https:\/\/gestine.net\/new\/wp-json\/wp\/v2\/users\/1"}],"replies":[{"embeddable":true,"href":"https:\/\/gestine.net\/new\/wp-json\/wp\/v2\/comments?post=170"}],"version-history":[{"count":1,"href":"https:\/\/gestine.net\/new\/wp-json\/wp\/v2\/pages\/170\/revisions"}],"predecessor-version":[{"id":172,"href":"https:\/\/gestine.net\/new\/wp-json\/wp\/v2\/pages\/170\/revisions\/172"}],"wp:attachment":[{"href":"https:\/\/gestine.net\/new\/wp-json\/wp\/v2\/media?parent=170"}],"curies":[{"name":"wp","href":"https:\/\/api.w.org\/{rel}","templated":true}]}}