{"id":162,"date":"2021-11-28T09:35:16","date_gmt":"2021-11-28T08:35:16","guid":{"rendered":"https:\/\/gestine.net\/new\/?page_id=162"},"modified":"2021-11-28T09:35:16","modified_gmt":"2021-11-28T08:35:16","slug":"ressources-humaines","status":"publish","type":"page","link":"https:\/\/gestine.net\/new\/ressources-humaines\/","title":{"rendered":"Ressources Humaines"},"content":{"rendered":"\n<p>Les ressources humaines occupent une place primordiale dans l&rsquo;organigramme de l&rsquo;entreprise dynamique et performante. Une gestion cibl\u00e9e et sp\u00e9cialis\u00e9e de ce volet est n\u00e9cessaire pour la continuit\u00e9 de chaque soci\u00e9t\u00e9.<\/p>\n\n\n\n<p>Gestine vous accompagne dans votre d\u00e9veloppement et vous propose :<\/p>\n\n\n\n<p>-L&rsquo;int\u00e9rim.&nbsp;<\/p>\n\n\n\n<p>-Le recrutement .<\/p>\n\n\n\n<p>-La formation.<\/p>\n","protected":false},"excerpt":{"rendered":"<p>Les ressources humaines occupent une place primordiale dans l&rsquo;organigramme de l&rsquo;entreprise dynamique et performante. Une gestion cibl\u00e9e et sp\u00e9cialis\u00e9e de ce volet est n\u00e9cessaire pour la continuit\u00e9 de chaque soci\u00e9t\u00e9. Gestine vous accompagne dans votre d\u00e9veloppement et vous propose : -L&rsquo;int\u00e9rim.&nbsp; -Le recrutement . -La formation.<\/p>\n","protected":false},"author":1,"featured_media":0,"parent":0,"menu_order":0,"comment_status":"closed","ping_status":"closed","template":"","meta":{"footnotes":""},"class_list":["post-162","page","type-page","status-publish","hentry"],"_links":{"self":[{"href":"https:\/\/gestine.net\/new\/wp-json\/wp\/v2\/pages\/162","targetHints":{"allow":["GET"]}}],"collection":[{"href":"https:\/\/gestine.net\/new\/wp-json\/wp\/v2\/pages"}],"about":[{"href":"https:\/\/gestine.net\/new\/wp-json\/wp\/v2\/types\/page"}],"author":[{"embeddable":true,"href":"https:\/\/gestine.net\/new\/wp-json\/wp\/v2\/users\/1"}],"replies":[{"embeddable":true,"href":"https:\/\/gestine.net\/new\/wp-json\/wp\/v2\/comments?post=162"}],"version-history":[{"count":1,"href":"https:\/\/gestine.net\/new\/wp-json\/wp\/v2\/pages\/162\/revisions"}],"predecessor-version":[{"id":164,"href":"https:\/\/gestine.net\/new\/wp-json\/wp\/v2\/pages\/162\/revisions\/164"}],"wp:attachment":[{"href":"https:\/\/gestine.net\/new\/wp-json\/wp\/v2\/media?parent=162"}],"curies":[{"name":"wp","href":"https:\/\/api.w.org\/{rel}","templated":true}]}}