{"id":13,"date":"2021-11-28T00:36:14","date_gmt":"2021-11-27T23:36:14","guid":{"rendered":"http:\/\/gestine.net\/new\/?page_id=13"},"modified":"2021-11-28T09:31:55","modified_gmt":"2021-11-28T08:31:55","slug":"accueil","status":"publish","type":"page","link":"https:\/\/gestine.net\/new\/","title":{"rendered":"Le mot de la Direction"},"content":{"rendered":"\n\n\n<p><strong>GESTINE Services&nbsp;<\/strong>est une entreprise sp\u00e9cialis\u00e9e dans la pr\u00e9station de services, en l\u2019occurrence les ressources humaines &amp; les solutions informatiques..<\/p>\n\n\n\n<p>Notre strat\u00e9gie de management est bas\u00e9e essentiellement sur :<strong>Le rapprochement de nos Partenaires en analysant leurs besoins et en leur proposant les solutions les mieux adapt\u00e9es \u00e0 leurs structures.<\/strong><\/p>\n\n\n\n<ul class=\"wp-block-list\"><li><strong>Le respect de nos engagements<\/strong><\/li><\/ul>\n\n\n\n<ul class=\"wp-block-list\"><li><strong>La r\u00e9activit\u00e9 dans nos actions<\/strong><\/li><\/ul>\n\n\n\n<ul class=\"wp-block-list\"><li><strong>La qualit\u00e9 de la prestation<\/strong><\/li><\/ul>\n\n\n\n<ul class=\"wp-block-list\"><li><strong>La relation de confiance<\/strong><\/li><\/ul>\n\n\n\n<ul class=\"wp-block-list\"><li><strong>La cr\u00e9ativit\u00e9<\/strong><\/li><\/ul>\n\n\n\n<blockquote class=\"wp-block-quote is-layout-flow wp-block-quote-is-layout-flow\"><p>Notre entreprise est constitu\u00e9e d\u2019une \u00e9quipe de professionnels d\u00e9vou\u00e9s \u00e0 son m\u00e9tier avec une tr\u00e8s grande exp\u00e9rience dans le domaine des ressources humaines.<\/p><p>Notre appartenance \u00e0 un groupe de droit marocain nous permet de faire face \u00e0 l\u2019ensemble de nos besoins de gestion, d\u2019ordre financiers ou autres. Une telle force nous permet d\u2019honorer l\u2019ensemble de nos engagements vis \u00e0 vis de nos partenaires ainsi que de nos int\u00e9rimaires.<\/p><\/blockquote>\n\n\n\n<p><strong>LA DIRECTION<\/strong><\/p>\n","protected":false},"excerpt":{"rendered":"<p>GESTINE Services&nbsp;est une entreprise sp\u00e9cialis\u00e9e dans la pr\u00e9station de services, en l\u2019occurrence les ressources humaines &amp; les solutions informatiques.. Notre strat\u00e9gie de management est bas\u00e9e essentiellement sur :Le rapprochement de nos Partenaires en analysant leurs besoins et en leur proposant les solutions les mieux adapt\u00e9es \u00e0 leurs structures. Le respect de nos engagements La r\u00e9activit\u00e9 [&hellip;]<\/p>\n","protected":false},"author":1,"featured_media":99,"parent":0,"menu_order":0,"comment_status":"closed","ping_status":"closed","template":"","meta":{"footnotes":""},"class_list":["post-13","page","type-page","status-publish","has-post-thumbnail","hentry"],"_links":{"self":[{"href":"https:\/\/gestine.net\/new\/wp-json\/wp\/v2\/pages\/13","targetHints":{"allow":["GET"]}}],"collection":[{"href":"https:\/\/gestine.net\/new\/wp-json\/wp\/v2\/pages"}],"about":[{"href":"https:\/\/gestine.net\/new\/wp-json\/wp\/v2\/types\/page"}],"author":[{"embeddable":true,"href":"https:\/\/gestine.net\/new\/wp-json\/wp\/v2\/users\/1"}],"replies":[{"embeddable":true,"href":"https:\/\/gestine.net\/new\/wp-json\/wp\/v2\/comments?post=13"}],"version-history":[{"count":9,"href":"https:\/\/gestine.net\/new\/wp-json\/wp\/v2\/pages\/13\/revisions"}],"predecessor-version":[{"id":161,"href":"https:\/\/gestine.net\/new\/wp-json\/wp\/v2\/pages\/13\/revisions\/161"}],"wp:featuredmedia":[{"embeddable":true,"href":"https:\/\/gestine.net\/new\/wp-json\/wp\/v2\/media\/99"}],"wp:attachment":[{"href":"https:\/\/gestine.net\/new\/wp-json\/wp\/v2\/media?parent=13"}],"curies":[{"name":"wp","href":"https:\/\/api.w.org\/{rel}","templated":true}]}}